{"id":234,"date":"2026-03-25T16:29:10","date_gmt":"2026-03-25T16:29:10","guid":{"rendered":"https:\/\/www.dazzling-gauss.212-227-170-25.plesk.page\/?page_id=234"},"modified":"2026-03-25T16:56:05","modified_gmt":"2026-03-25T16:56:05","slug":"accommpagnements-des-acquereurs","status":"publish","type":"page","link":"https:\/\/www.dazzling-gauss.212-227-170-25.plesk.page\/index.php\/accommpagnements-des-acquereurs\/","title":{"rendered":"ACCOMMPAGNEMENTS DES ACQUEREURS"},"content":{"rendered":"\t\t<div data-elementor-type=\"wp-page\" data-elementor-id=\"234\" class=\"elementor elementor-234\" data-elementor-post-type=\"page\">\n\t\t\t\t<div class=\"elementor-element elementor-element-c7be6bb e-flex e-con-boxed e-con e-parent\" data-id=\"c7be6bb\" data-element_type=\"container\" data-e-type=\"container\">\n\t\t\t\t\t<div class=\"e-con-inner\">\n\t\t\t\t<div class=\"elementor-element elementor-element-4db9565 elementor-widget__width-initial elementor-widget elementor-widget-heading\" data-id=\"4db9565\" data-element_type=\"widget\" data-e-type=\"widget\" data-widget_type=\"heading.default\">\n\t\t\t\t\t<h2 class=\"elementor-heading-title elementor-size-default\">ACCOMMPAGNEMENTS DES ACQUEREURS<\/h2>\t\t\t\t<\/div>\n\t\t\t\t<div class=\"elementor-element elementor-element-a245e51 elementor-icon-list--layout-inline elementor-align-center elementor-list-item-link-full_width elementor-widget elementor-widget-icon-list\" data-id=\"a245e51\" data-element_type=\"widget\" data-e-type=\"widget\" data-widget_type=\"icon-list.default\">\n\t\t\t\t\t\t\t<ul class=\"elementor-icon-list-items elementor-inline-items\">\n\t\t\t\t\t\t\t<li class=\"elementor-icon-list-item elementor-inline-item\">\n\t\t\t\t\t\t\t\t\t\t\t<a href=\"#\">\n\n\t\t\t\t\t\t\t\t\t\t\t<span class=\"elementor-icon-list-text\">Home<\/span>\n\t\t\t\t\t\t\t\t\t\t\t<\/a>\n\t\t\t\t\t\t\t\t\t<\/li>\n\t\t\t\t\t\t\t\t<li class=\"elementor-icon-list-item elementor-inline-item\">\n\t\t\t\t\t\t\t\t\t\t\t<a href=\"#\">\n\n\t\t\t\t\t\t\t\t\t\t\t\t<span class=\"elementor-icon-list-icon\">\n\t\t\t\t\t\t\t<svg aria-hidden=\"true\" class=\"e-font-icon-svg e-fas-arrow-right\" viewBox=\"0 0 448 512\" xmlns=\"http:\/\/www.w3.org\/2000\/svg\"><path d=\"M190.5 66.9l22.2-22.2c9.4-9.4 24.6-9.4 33.9 0L441 239c9.4 9.4 9.4 24.6 0 33.9L246.6 467.3c-9.4 9.4-24.6 9.4-33.9 0l-22.2-22.2c-9.5-9.5-9.3-25 .4-34.3L311.4 296H24c-13.3 0-24-10.7-24-24v-32c0-13.3 10.7-24 24-24h287.4L190.9 101.2c-9.8-9.3-10-24.8-.4-34.3z\"><\/path><\/svg>\t\t\t\t\t\t<\/span>\n\t\t\t\t\t\t\t\t\t\t<span class=\"elementor-icon-list-text\">Tarif<\/span>\n\t\t\t\t\t\t\t\t\t\t\t<\/a>\n\t\t\t\t\t\t\t\t\t<\/li>\n\t\t\t\t\t\t<\/ul>\n\t\t\t\t\t\t<\/div>\n\t\t\t\t\t<\/div>\n\t\t\t\t<\/div>\n\t\t<div class=\"elementor-element elementor-element-34cdd9e6 e-flex e-con-boxed e-con e-parent\" data-id=\"34cdd9e6\" data-element_type=\"container\" data-e-type=\"container\">\n\t\t\t\t\t<div class=\"e-con-inner\">\n\t\t<div class=\"elementor-element elementor-element-32e0bc79 e-con-full e-flex e-con e-child\" data-id=\"32e0bc79\" data-element_type=\"container\" data-e-type=\"container\">\n\t\t<div class=\"elementor-element elementor-element-1007a18f e-con-full e-flex e-con e-child\" data-id=\"1007a18f\" data-element_type=\"container\" data-e-type=\"container\">\n\t\t\t\t<div class=\"elementor-element elementor-element-44b59b4 elementor-widget elementor-widget-heading\" data-id=\"44b59b4\" data-element_type=\"widget\" data-e-type=\"widget\" data-widget_type=\"heading.default\">\n\t\t\t\t\t<h2 class=\"elementor-heading-title elementor-size-default\">Services Categories<\/h2>\t\t\t\t<\/div>\n\t\t<div class=\"elementor-element elementor-element-a4386dd e-con-full e-flex e-con e-child\" data-id=\"a4386dd\" data-element_type=\"container\" data-e-type=\"container\">\n\t\t\t\t<div class=\"elementor-element elementor-element-582b8df1 elementor-widget elementor-widget-heading\" data-id=\"582b8df1\" data-element_type=\"widget\" data-e-type=\"widget\" data-widget_type=\"heading.default\">\n\t\t\t\t\t<h2 class=\"elementor-heading-title elementor-size-default\"><a href=\"#\">\ud83c\udfaf Notre philosophie<\/a><\/h2>\t\t\t\t<\/div>\n\t\t\t\t<div class=\"elementor-element elementor-element-2fc05937 elementor-widget elementor-widget-button\" data-id=\"2fc05937\" data-element_type=\"widget\" data-e-type=\"widget\" data-widget_type=\"button.default\">\n\t\t\t\t\t\t\t\t\t\t<a class=\"elementor-button elementor-button-link elementor-size-sm\" href=\"#\">\n\t\t\t\t\t\t<span class=\"elementor-button-content-wrapper\">\n\t\t\t\t\t\t<span class=\"elementor-button-icon\">\n\t\t\t\t<svg aria-hidden=\"true\" class=\"e-font-icon-svg e-fas-arrow-right\" viewBox=\"0 0 448 512\" xmlns=\"http:\/\/www.w3.org\/2000\/svg\"><path d=\"M190.5 66.9l22.2-22.2c9.4-9.4 24.6-9.4 33.9 0L441 239c9.4 9.4 9.4 24.6 0 33.9L246.6 467.3c-9.4 9.4-24.6 9.4-33.9 0l-22.2-22.2c-9.5-9.5-9.3-25 .4-34.3L311.4 296H24c-13.3 0-24-10.7-24-24v-32c0-13.3 10.7-24 24-24h287.4L190.9 101.2c-9.8-9.3-10-24.8-.4-34.3z\"><\/path><\/svg>\t\t\t<\/span>\n\t\t\t\t\t\t\t\t<\/span>\n\t\t\t\t\t<\/a>\n\t\t\t\t\t\t\t\t<\/div>\n\t\t\t\t<\/div>\n\t\t<div class=\"elementor-element elementor-element-476037a2 e-con-full e-flex e-con e-child\" data-id=\"476037a2\" data-element_type=\"container\" data-e-type=\"container\">\n\t\t\t\t<div class=\"elementor-element elementor-element-79279fa8 elementor-widget elementor-widget-heading\" data-id=\"79279fa8\" data-element_type=\"widget\" data-e-type=\"widget\" data-widget_type=\"heading.default\">\n\t\t\t\t\t<h2 class=\"elementor-heading-title elementor-size-default\"><a href=\"https:\/\/www.dazzling-gauss.212-227-170-25.plesk.page\/index.php\/accommpagnements-des-acquereurs\/\">ACCOMMPAGNEMENTS DES ACQUEREURS<\/a><\/h2>\t\t\t\t<\/div>\n\t\t\t\t<div class=\"elementor-element elementor-element-239cf42c elementor-widget elementor-widget-button\" data-id=\"239cf42c\" data-element_type=\"widget\" data-e-type=\"widget\" data-widget_type=\"button.default\">\n\t\t\t\t\t\t\t\t\t\t<a class=\"elementor-button elementor-button-link elementor-size-sm\" href=\"#\">\n\t\t\t\t\t\t<span class=\"elementor-button-content-wrapper\">\n\t\t\t\t\t\t<span class=\"elementor-button-icon\">\n\t\t\t\t<svg aria-hidden=\"true\" class=\"e-font-icon-svg e-fas-arrow-right\" viewBox=\"0 0 448 512\" xmlns=\"http:\/\/www.w3.org\/2000\/svg\"><path d=\"M190.5 66.9l22.2-22.2c9.4-9.4 24.6-9.4 33.9 0L441 239c9.4 9.4 9.4 24.6 0 33.9L246.6 467.3c-9.4 9.4-24.6 9.4-33.9 0l-22.2-22.2c-9.5-9.5-9.3-25 .4-34.3L311.4 296H24c-13.3 0-24-10.7-24-24v-32c0-13.3 10.7-24 24-24h287.4L190.9 101.2c-9.8-9.3-10-24.8-.4-34.3z\"><\/path><\/svg>\t\t\t<\/span>\n\t\t\t\t\t\t\t\t<\/span>\n\t\t\t\t\t<\/a>\n\t\t\t\t\t\t\t\t<\/div>\n\t\t\t\t<\/div>\n\t\t<div class=\"elementor-element elementor-element-494d8927 e-con-full e-flex e-con e-child\" data-id=\"494d8927\" data-element_type=\"container\" data-e-type=\"container\">\n\t\t\t\t<div class=\"elementor-element elementor-element-3bf2f65f elementor-widget elementor-widget-heading\" data-id=\"3bf2f65f\" data-element_type=\"widget\" data-e-type=\"widget\" data-widget_type=\"heading.default\">\n\t\t\t\t\t<h2 class=\"elementor-heading-title elementor-size-default\"><a href=\"https:\/\/www.dazzling-gauss.212-227-170-25.plesk.page\/index.php\/annonces-projets\/\">FONDS DE COMMERCE A LOUER\n<\/a><\/h2>\t\t\t\t<\/div>\n\t\t\t\t<div class=\"elementor-element elementor-element-c160641 elementor-widget elementor-widget-button\" data-id=\"c160641\" data-element_type=\"widget\" data-e-type=\"widget\" data-widget_type=\"button.default\">\n\t\t\t\t\t\t\t\t\t\t<a class=\"elementor-button elementor-button-link elementor-size-sm\" href=\"#\">\n\t\t\t\t\t\t<span class=\"elementor-button-content-wrapper\">\n\t\t\t\t\t\t<span class=\"elementor-button-icon\">\n\t\t\t\t<svg aria-hidden=\"true\" class=\"e-font-icon-svg e-fas-arrow-right\" viewBox=\"0 0 448 512\" xmlns=\"http:\/\/www.w3.org\/2000\/svg\"><path d=\"M190.5 66.9l22.2-22.2c9.4-9.4 24.6-9.4 33.9 0L441 239c9.4 9.4 9.4 24.6 0 33.9L246.6 467.3c-9.4 9.4-24.6 9.4-33.9 0l-22.2-22.2c-9.5-9.5-9.3-25 .4-34.3L311.4 296H24c-13.3 0-24-10.7-24-24v-32c0-13.3 10.7-24 24-24h287.4L190.9 101.2c-9.8-9.3-10-24.8-.4-34.3z\"><\/path><\/svg>\t\t\t<\/span>\n\t\t\t\t\t\t\t\t<\/span>\n\t\t\t\t\t<\/a>\n\t\t\t\t\t\t\t\t<\/div>\n\t\t\t\t<\/div>\n\t\t<div class=\"elementor-element elementor-element-174fa6aa e-con-full e-flex e-con e-child\" data-id=\"174fa6aa\" data-element_type=\"container\" data-e-type=\"container\">\n\t\t\t\t<div class=\"elementor-element elementor-element-536fd8bc elementor-widget elementor-widget-heading\" data-id=\"536fd8bc\" data-element_type=\"widget\" data-e-type=\"widget\" data-widget_type=\"heading.default\">\n\t\t\t\t\t<h2 class=\"elementor-heading-title elementor-size-default\"><a href=\"https:\/\/www.dazzling-gauss.212-227-170-25.plesk.page\/index.php\/annonces-projets\/\">FONDS DE COMMERCE A VENDRE\n<\/a><\/h2>\t\t\t\t<\/div>\n\t\t\t\t<div class=\"elementor-element elementor-element-251ed932 elementor-widget elementor-widget-button\" data-id=\"251ed932\" data-element_type=\"widget\" data-e-type=\"widget\" data-widget_type=\"button.default\">\n\t\t\t\t\t\t\t\t\t\t<a class=\"elementor-button elementor-button-link elementor-size-sm\" href=\"#\">\n\t\t\t\t\t\t<span class=\"elementor-button-content-wrapper\">\n\t\t\t\t\t\t<span class=\"elementor-button-icon\">\n\t\t\t\t<svg aria-hidden=\"true\" class=\"e-font-icon-svg e-fas-arrow-right\" viewBox=\"0 0 448 512\" xmlns=\"http:\/\/www.w3.org\/2000\/svg\"><path d=\"M190.5 66.9l22.2-22.2c9.4-9.4 24.6-9.4 33.9 0L441 239c9.4 9.4 9.4 24.6 0 33.9L246.6 467.3c-9.4 9.4-24.6 9.4-33.9 0l-22.2-22.2c-9.5-9.5-9.3-25 .4-34.3L311.4 296H24c-13.3 0-24-10.7-24-24v-32c0-13.3 10.7-24 24-24h287.4L190.9 101.2c-9.8-9.3-10-24.8-.4-34.3z\"><\/path><\/svg>\t\t\t<\/span>\n\t\t\t\t\t\t\t\t<\/span>\n\t\t\t\t\t<\/a>\n\t\t\t\t\t\t\t\t<\/div>\n\t\t\t\t<\/div>\n\t\t<div class=\"elementor-element elementor-element-3b2d4259 e-con-full e-flex e-con e-child\" data-id=\"3b2d4259\" data-element_type=\"container\" data-e-type=\"container\">\n\t\t\t\t<div class=\"elementor-element elementor-element-1243e843 elementor-widget elementor-widget-heading\" data-id=\"1243e843\" data-element_type=\"widget\" data-e-type=\"widget\" data-widget_type=\"heading.default\">\n\t\t\t\t\t<h2 class=\"elementor-heading-title elementor-size-default\"><a href=\"https:\/\/www.dazzling-gauss.212-227-170-25.plesk.page\/index.php\/nous-connaitre\/\">Notre Expertise Bancaire<\/a><\/h2>\t\t\t\t<\/div>\n\t\t\t\t<div class=\"elementor-element elementor-element-3f4a2a56 elementor-widget elementor-widget-button\" data-id=\"3f4a2a56\" data-element_type=\"widget\" data-e-type=\"widget\" data-widget_type=\"button.default\">\n\t\t\t\t\t\t\t\t\t\t<a class=\"elementor-button elementor-button-link elementor-size-sm\" href=\"#\">\n\t\t\t\t\t\t<span class=\"elementor-button-content-wrapper\">\n\t\t\t\t\t\t<span class=\"elementor-button-icon\">\n\t\t\t\t<svg aria-hidden=\"true\" class=\"e-font-icon-svg e-fas-arrow-right\" viewBox=\"0 0 448 512\" xmlns=\"http:\/\/www.w3.org\/2000\/svg\"><path d=\"M190.5 66.9l22.2-22.2c9.4-9.4 24.6-9.4 33.9 0L441 239c9.4 9.4 9.4 24.6 0 33.9L246.6 467.3c-9.4 9.4-24.6 9.4-33.9 0l-22.2-22.2c-9.5-9.5-9.3-25 .4-34.3L311.4 296H24c-13.3 0-24-10.7-24-24v-32c0-13.3 10.7-24 24-24h287.4L190.9 101.2c-9.8-9.3-10-24.8-.4-34.3z\"><\/path><\/svg>\t\t\t<\/span>\n\t\t\t\t\t\t\t\t<\/span>\n\t\t\t\t\t<\/a>\n\t\t\t\t\t\t\t\t<\/div>\n\t\t\t\t<\/div>\n\t\t\t\t<\/div>\n\t\t<div class=\"elementor-element elementor-element-5dbbfb8e e-con-full e-flex e-con e-child\" data-id=\"5dbbfb8e\" data-element_type=\"container\" data-e-type=\"container\" data-settings=\"{&quot;background_background&quot;:&quot;classic&quot;}\">\n\t\t\t\t<div class=\"elementor-element elementor-element-4d7a72d9 elementor-widget elementor-widget-heading\" data-id=\"4d7a72d9\" data-element_type=\"widget\" data-e-type=\"widget\" data-widget_type=\"heading.default\">\n\t\t\t\t\t<h2 class=\"elementor-heading-title elementor-size-default\">Contactez-nous<\/h2>\t\t\t\t<\/div>\n\t\t<div class=\"elementor-element elementor-element-6fe228fd e-con-full e-flex e-con e-child\" data-id=\"6fe228fd\" data-element_type=\"container\" data-e-type=\"container\">\n\t\t\t\t<div class=\"elementor-element elementor-element-1f126ecd elementor-align-center elementor-widget elementor-widget-button\" data-id=\"1f126ecd\" data-element_type=\"widget\" data-e-type=\"widget\" data-widget_type=\"button.default\">\n\t\t\t\t\t\t\t\t\t\t<a class=\"elementor-button elementor-button-link elementor-size-sm\" href=\"https:\/\/www.dazzling-gauss.212-227-170-25.plesk.page\/index.php\/contact\/\">\n\t\t\t\t\t\t<span class=\"elementor-button-content-wrapper\">\n\t\t\t\t\t\t\t\t\t<span class=\"elementor-button-text\">Prendre contact<\/span>\n\t\t\t\t\t<\/span>\n\t\t\t\t\t<\/a>\n\t\t\t\t\t\t\t\t<\/div>\n\t\t\t\t<\/div>\n\t\t\t\t<\/div>\n\t\t\t\t<\/div>\n\t\t<div class=\"elementor-element elementor-element-5ee4c2fb e-con-full e-flex e-con e-child\" data-id=\"5ee4c2fb\" data-element_type=\"container\" data-e-type=\"container\">\n\t\t\t\t<div class=\"elementor-element elementor-element-673864c6 elementor-widget elementor-widget-image\" data-id=\"673864c6\" data-element_type=\"widget\" data-e-type=\"widget\" data-widget_type=\"image.default\">\n\t\t\t\t\t\t\t\t\t\t\t\t\t\t\t<img fetchpriority=\"high\" decoding=\"async\" width=\"800\" height=\"534\" src=\"https:\/\/www.dazzling-gauss.212-227-170-25.plesk.page\/wp-content\/uploads\/2026\/03\/Images-XK2MKJQ.jpg\" class=\"attachment-large size-large wp-image-23\" alt=\"\" srcset=\"https:\/\/www.dazzling-gauss.212-227-170-25.plesk.page\/wp-content\/uploads\/2026\/03\/Images-XK2MKJQ.jpg 1000w, https:\/\/www.dazzling-gauss.212-227-170-25.plesk.page\/wp-content\/uploads\/2026\/03\/Images-XK2MKJQ-300x200.jpg 300w, https:\/\/www.dazzling-gauss.212-227-170-25.plesk.page\/wp-content\/uploads\/2026\/03\/Images-XK2MKJQ-768x512.jpg 768w\" sizes=\"(max-width: 800px) 100vw, 800px\" \/>\t\t\t\t\t\t\t\t\t\t\t\t\t\t\t<\/div>\n\t\t\t\t<div class=\"elementor-element elementor-element-6afab42a elementor-widget elementor-widget-text-editor\" data-id=\"6afab42a\" data-element_type=\"widget\" data-e-type=\"widget\" data-widget_type=\"text-editor.default\">\n\t\t\t\t\t\t\t\t\t<div style=\"max-width: 1100px; margin: 0 auto; padding: 60px 24px; font-family: -apple-system, BlinkMacSystemFont, 'Segoe UI', Roboto, sans-serif; color: #1f2937; line-height: 1.7;\">\n\n  <!-- HEADER -->\n  <div style=\"margin-bottom: 48px;\">\n    <h2 style=\"font-size: 38px; line-height: 1.2; margin-bottom: 20px; color: #111827;\">\n      Reprendre un fonds de commerce avec m\u00e9thode, lucidit\u00e9 et s\u00e9curit\u00e9\n    <\/h2>\n    <div style=\"width: 60px; height: 4px; background: #7D6CAC; margin-bottom: 24px; border-radius: 2px;\"><\/div>\n    \n    <p style=\"font-size: 18px; margin-bottom: 10px;\">\n      Reprendre un fonds de commerce est une d\u00e9cision entrepreneuriale majeure.\n    <\/p>\n    <p style=\"font-size: 18px; margin-bottom: 10px;\">\n      Elle engage votre patrimoine, votre capacit\u00e9 d\u2019endettement et votre avenir professionnel.\n    <\/p>\n    <p style=\"font-size: 18px; margin-bottom: 10px;\">\n      Notre r\u00f4le n\u2019est pas seulement de vous pr\u00e9senter une opportunit\u00e9.\n    <\/p>\n    <p style=\"font-size: 18px;\">\n      <strong>Nous vous accompagnons pour s\u00e9curiser votre projet dans sa globalit\u00e9.<\/strong>\n    <\/p>\n  <\/div>\n\n  <!-- PHILOSOPHIE -->\n  <div style=\"background: linear-gradient(135deg, #f5f3ff 0%, #ffffff 100%); border: 1px solid #ede9fe; border-radius: 20px; padding: 32px; margin-bottom: 40px;\">\n    \n    <h3 style=\"font-size: 26px; margin-top: 0; margin-bottom: 18px; color: #111827;\">\n      Notre philosophie\n    <\/h3>\n\n    <p style=\"margin-bottom: 12px;\">\n      Un projet viable n\u2019est pas uniquement une affaire attractive.\n    <\/p>\n    <p style=\"margin-bottom: 18px;\">\n      C\u2019est une op\u00e9ration :\n    <\/p>\n\n    <div style=\"display: grid; grid-template-columns: repeat(auto-fit, minmax(220px, 1fr)); gap: 10px; margin-bottom: 20px;\">\n      <div style=\"background:#ffffff;border-radius:10px;padding:10px 14px;border:1px solid #e5e7eb;\">\u2714 Finan\u00e7able<\/div>\n      <div style=\"background:#ffffff;border-radius:10px;padding:10px 14px;border:1px solid #e5e7eb;\">\u2714 Rentable<\/div>\n      <div style=\"background:#ffffff;border-radius:10px;padding:10px 14px;border:1px solid #e5e7eb;\">\u2714 Coh\u00e9rente avec votre profil<\/div>\n      <div style=\"background:#ffffff;border-radius:10px;padding:10px 14px;border:1px solid #e5e7eb;\">\u2714 Compatible avec votre capacit\u00e9 d\u2019endettement<\/div>\n      <div style=\"background:#ffffff;border-radius:10px;padding:10px 14px;border:1px solid #e5e7eb;\">\u2714 Structur\u00e9e sur le plan bancaire<\/div>\n    <\/div>\n\n    <p style=\"margin: 0;\">\n      En tant qu\u2019anciens banquiers sp\u00e9cialis\u00e9s dans le march\u00e9 professionnel, nous analysons chaque projet avec une logique financi\u00e8re rigoureuse.\n    <\/p>\n  <\/div>\n\n  <!-- ETAPES -->\n  <div style=\"display: grid; grid-template-columns: repeat(auto-fit, minmax(280px, 1fr)); gap: 24px; margin-bottom: 40px;\">\n\n    <!-- CARD -->\n    <div style=\"background: #ffffff; border-radius: 20px; padding: 26px; border: 1px solid #e5e7eb; box-shadow: 0 4px 20px rgba(0,0,0,0.04);\">\n      <div style=\"color:#7D6CAC;font-weight:600;margin-bottom:10px;\">01<\/div>\n      <h3 style=\"font-size: 20px; margin-top: 0;\">Analyse strat\u00e9gique du projet<\/h3>\n      <ul style=\"margin: 12px 0 0 18px;\">\n        <li>Parcours &#038; comp\u00e9tences<\/li>\n        <li>Capacit\u00e9 d\u2019apport<\/li>\n        <li>Situation patrimoniale<\/li>\n        <li>Objectifs de revenus<\/li>\n        <li>Tol\u00e9rance au risque<\/li>\n      <\/ul>\n      <p style=\"margin-top: 14px;\"><strong>Objectif :<\/strong> coh\u00e9rence profil \/ projet.<\/p>\n    <\/div>\n\n    <div style=\"background: #ffffff; border-radius: 20px; padding: 26px; border: 1px solid #e5e7eb; box-shadow: 0 4px 20px rgba(0,0,0,0.04);\">\n      <div style=\"color:#7D6CAC;font-weight:600;margin-bottom:10px;\">02<\/div>\n      <h3 style=\"font-size: 20px; margin-top: 0;\">Analyse financi\u00e8re<\/h3>\n      <ul style=\"margin: 12px 0 0 18px;\">\n        <li>CA &#038; EBE retrait\u00e9<\/li>\n        <li>Charges &#038; masse salariale<\/li>\n        <li>Loyer &#038; bail<\/li>\n        <li>BFR<\/li>\n        <li>Investissements<\/li>\n      <\/ul>\n    <\/div>\n\n    <div style=\"background: #ffffff; border-radius: 20px; padding: 26px; border: 1px solid #e5e7eb; box-shadow: 0 4px 20px rgba(0,0,0,0.04);\">\n      <div style=\"color:#7D6CAC;font-weight:600;margin-bottom:10px;\">03<\/div>\n      <h3 style=\"font-size: 20px; margin-top: 0;\">Simulation bancaire<\/h3>\n      <ul style=\"margin: 12px 0 0 18px;\">\n        <li>Capacit\u00e9 d\u2019endettement<\/li>\n        <li>Apport minimum<\/li>\n        <li>Mensualit\u00e9s<\/li>\n        <li>Remboursement<\/li>\n      <\/ul>\n      <p style=\"margin-top: 14px;\">Projet structur\u00e9 et finan\u00e7able.<\/p>\n    <\/div>\n\n    <div style=\"background: #ffffff; border-radius: 20px; padding: 26px; border: 1px solid #e5e7eb; box-shadow: 0 4px 20px rgba(0,0,0,0.04);\">\n      <div style=\"color:#7D6CAC;font-weight:600;margin-bottom:10px;\">04<\/div>\n      <h3 style=\"font-size: 20px; margin-top: 0;\">Dossier bancaire<\/h3>\n      <ul style=\"margin: 12px 0 0 18px;\">\n        <li>Pr\u00e9visionnel r\u00e9aliste<\/li>\n        <li>Dossier structur\u00e9<\/li>\n        <li>Argumentaire financier<\/li>\n      <\/ul>\n      <p style=\"margin-top: 14px;\">Nous parlons le langage des banques.<\/p>\n    <\/div>\n\n    <div style=\"background: #ffffff; border-radius: 20px; padding: 26px; border: 1px solid #e5e7eb; box-shadow: 0 4px 20px rgba(0,0,0,0.04);\">\n      <div style=\"color:#7D6CAC;font-weight:600;margin-bottom:10px;\">05<\/div>\n      <h3 style=\"font-size: 20px; margin-top: 0;\">N\u00e9gociation &#038; s\u00e9curisation<\/h3>\n      <ul style=\"margin: 12px 0 0 18px;\">\n        <li>N\u00e9gociation du prix<\/li>\n        <li>Conditions suspensives<\/li>\n        <li>Coordination globale<\/li>\n      <\/ul>\n      <p style=\"margin-top: 14px;\">Chaque \u00e9tape est s\u00e9curis\u00e9e.<\/p>\n    <\/div>\n\n  <\/div>\n\n  <!-- DIFFERENCE -->\n  <div style=\"background: linear-gradient(135deg, #7D6CAC 0%, #6b5aa6 100%); color: #ffffff; border-radius: 24px; padding: 40px;\">\n    <h3 style=\"margin-top: 0; font-size: 28px;\">Notre diff\u00e9rence<\/h3>\n    <p style=\"margin-bottom: 16px;\">\n      Un agent immobilier vend un fonds. Nous analysons une op\u00e9ration d\u2019entreprise.\n    <\/p>\n    <ul style=\"margin-left: 20px;\">\n      <li>\u00c9viter le surendettement<\/li>\n      <li>D\u00e9tecter un prix incoh\u00e9rent<\/li>\n      <li>Anticiper un refus bancaire<\/li>\n      <li>S\u00e9curiser votre installation<\/li>\n    <\/ul>\n  <\/div>\n\n<\/div>\t\t\t\t\t\t\t\t<\/div>\n\t\t\t\t<\/div>\n\t\t\t\t\t<\/div>\n\t\t\t\t<\/div>\n\t\t\t\t<\/div>\n\t\t","protected":false},"excerpt":{"rendered":"<p>Home Tarif Services Categories \ud83c\udfaf Notre philosophie ACCOMMPAGNEMENTS DES ACQUEREURS FONDS DE COMMERCE A LOUER FONDS DE COMMERCE A VENDRE Notre Expertise Bancaire Contactez-nous Prendre contact Reprendre un fonds de commerce avec m\u00e9thode, lucidit\u00e9 et s\u00e9curit\u00e9 Reprendre un fonds de commerce est une d\u00e9cision entrepreneuriale majeure. Elle engage votre patrimoine, votre capacit\u00e9 d\u2019endettement et votre [&hellip;]<\/p>\n","protected":false},"author":1,"featured_media":0,"parent":0,"menu_order":0,"comment_status":"closed","ping_status":"closed","template":"elementor_header_footer","meta":{"_acf_changed":false,"footnotes":""},"class_list":["post-234","page","type-page","status-publish","hentry"],"acf":[],"_links":{"self":[{"href":"https:\/\/www.dazzling-gauss.212-227-170-25.plesk.page\/index.php\/wp-json\/wp\/v2\/pages\/234","targetHints":{"allow":["GET"]}}],"collection":[{"href":"https:\/\/www.dazzling-gauss.212-227-170-25.plesk.page\/index.php\/wp-json\/wp\/v2\/pages"}],"about":[{"href":"https:\/\/www.dazzling-gauss.212-227-170-25.plesk.page\/index.php\/wp-json\/wp\/v2\/types\/page"}],"author":[{"embeddable":true,"href":"https:\/\/www.dazzling-gauss.212-227-170-25.plesk.page\/index.php\/wp-json\/wp\/v2\/users\/1"}],"replies":[{"embeddable":true,"href":"https:\/\/www.dazzling-gauss.212-227-170-25.plesk.page\/index.php\/wp-json\/wp\/v2\/comments?post=234"}],"version-history":[{"count":10,"href":"https:\/\/www.dazzling-gauss.212-227-170-25.plesk.page\/index.php\/wp-json\/wp\/v2\/pages\/234\/revisions"}],"predecessor-version":[{"id":284,"href":"https:\/\/www.dazzling-gauss.212-227-170-25.plesk.page\/index.php\/wp-json\/wp\/v2\/pages\/234\/revisions\/284"}],"wp:attachment":[{"href":"https:\/\/www.dazzling-gauss.212-227-170-25.plesk.page\/index.php\/wp-json\/wp\/v2\/media?parent=234"}],"curies":[{"name":"wp","href":"https:\/\/api.w.org\/{rel}","templated":true}]}}