{"id":250,"date":"2026-03-25T16:35:49","date_gmt":"2026-03-25T16:35:49","guid":{"rendered":"https:\/\/www.dazzling-gauss.212-227-170-25.plesk.page\/?page_id=250"},"modified":"2026-03-25T16:58:38","modified_gmt":"2026-03-25T16:58:38","slug":"tarifs","status":"publish","type":"page","link":"https:\/\/www.dazzling-gauss.212-227-170-25.plesk.page\/index.php\/tarifs\/","title":{"rendered":"Tarifs"},"content":{"rendered":"\t\t<div data-elementor-type=\"wp-page\" data-elementor-id=\"250\" class=\"elementor elementor-250\" data-elementor-post-type=\"page\">\n\t\t\t\t<div class=\"elementor-element elementor-element-7645d9cd e-flex e-con-boxed e-con e-parent\" data-id=\"7645d9cd\" data-element_type=\"container\" data-e-type=\"container\">\n\t\t\t\t\t<div class=\"e-con-inner\">\n\t\t\t\t<div class=\"elementor-element elementor-element-4e05210f elementor-widget__width-initial elementor-widget elementor-widget-heading\" data-id=\"4e05210f\" data-element_type=\"widget\" data-e-type=\"widget\" data-widget_type=\"heading.default\">\n\t\t\t\t\t<h2 class=\"elementor-heading-title elementor-size-default\">Reprendre un fonds de commerce avec m\u00e9thode, lucidit\u00e9 et s\u00e9curit\u00e9<\/h2>\t\t\t\t<\/div>\n\t\t\t\t<div class=\"elementor-element elementor-element-42e834c8 elementor-icon-list--layout-inline elementor-align-center elementor-list-item-link-full_width elementor-widget elementor-widget-icon-list\" data-id=\"42e834c8\" data-element_type=\"widget\" data-e-type=\"widget\" data-widget_type=\"icon-list.default\">\n\t\t\t\t\t\t\t<ul class=\"elementor-icon-list-items elementor-inline-items\">\n\t\t\t\t\t\t\t<li class=\"elementor-icon-list-item elementor-inline-item\">\n\t\t\t\t\t\t\t\t\t\t\t<a href=\"#\">\n\n\t\t\t\t\t\t\t\t\t\t\t<span class=\"elementor-icon-list-text\">Accueil<\/span>\n\t\t\t\t\t\t\t\t\t\t\t<\/a>\n\t\t\t\t\t\t\t\t\t<\/li>\n\t\t\t\t\t\t\t\t<li class=\"elementor-icon-list-item elementor-inline-item\">\n\t\t\t\t\t\t\t\t\t\t\t<a href=\"#\">\n\n\t\t\t\t\t\t\t\t\t\t\t\t<span class=\"elementor-icon-list-icon\">\n\t\t\t\t\t\t\t<svg aria-hidden=\"true\" class=\"e-font-icon-svg e-fas-arrow-right\" viewBox=\"0 0 448 512\" xmlns=\"http:\/\/www.w3.org\/2000\/svg\"><path d=\"M190.5 66.9l22.2-22.2c9.4-9.4 24.6-9.4 33.9 0L441 239c9.4 9.4 9.4 24.6 0 33.9L246.6 467.3c-9.4 9.4-24.6 9.4-33.9 0l-22.2-22.2c-9.5-9.5-9.3-25 .4-34.3L311.4 296H24c-13.3 0-24-10.7-24-24v-32c0-13.3 10.7-24 24-24h287.4L190.9 101.2c-9.8-9.3-10-24.8-.4-34.3z\"><\/path><\/svg>\t\t\t\t\t\t<\/span>\n\t\t\t\t\t\t\t\t\t\t<span class=\"elementor-icon-list-text\">Tarif<\/span>\n\t\t\t\t\t\t\t\t\t\t\t<\/a>\n\t\t\t\t\t\t\t\t\t<\/li>\n\t\t\t\t\t\t<\/ul>\n\t\t\t\t\t\t<\/div>\n\t\t\t\t\t<\/div>\n\t\t\t\t<\/div>\n\t\t<div class=\"elementor-element elementor-element-648b7c30 e-flex e-con-boxed e-con e-parent\" data-id=\"648b7c30\" data-element_type=\"container\" data-e-type=\"container\">\n\t\t\t\t\t<div class=\"e-con-inner\">\n\t\t<div class=\"elementor-element elementor-element-12d3b1ca e-con-full e-flex e-con e-child\" data-id=\"12d3b1ca\" data-element_type=\"container\" data-e-type=\"container\">\n\t\t<div class=\"elementor-element elementor-element-59de9362 e-con-full e-flex e-con e-child\" data-id=\"59de9362\" data-element_type=\"container\" data-e-type=\"container\">\n\t\t\t\t<div class=\"elementor-element elementor-element-2d9fd326 elementor-widget elementor-widget-heading\" data-id=\"2d9fd326\" data-element_type=\"widget\" data-e-type=\"widget\" data-widget_type=\"heading.default\">\n\t\t\t\t\t<h2 class=\"elementor-heading-title elementor-size-default\">Services Categories<\/h2>\t\t\t\t<\/div>\n\t\t<div class=\"elementor-element elementor-element-29f24914 e-con-full e-flex e-con e-child\" data-id=\"29f24914\" data-element_type=\"container\" data-e-type=\"container\">\n\t\t\t\t<div class=\"elementor-element elementor-element-545e0197 elementor-widget elementor-widget-heading\" data-id=\"545e0197\" data-element_type=\"widget\" data-e-type=\"widget\" data-widget_type=\"heading.default\">\n\t\t\t\t\t<h2 class=\"elementor-heading-title elementor-size-default\"><a href=\"#\">\ud83c\udfaf Notre philosophie<\/a><\/h2>\t\t\t\t<\/div>\n\t\t\t\t<div class=\"elementor-element elementor-element-754571fc elementor-widget elementor-widget-button\" data-id=\"754571fc\" data-element_type=\"widget\" data-e-type=\"widget\" data-widget_type=\"button.default\">\n\t\t\t\t\t\t\t\t\t\t<a class=\"elementor-button elementor-button-link elementor-size-sm\" href=\"#\">\n\t\t\t\t\t\t<span class=\"elementor-button-content-wrapper\">\n\t\t\t\t\t\t<span class=\"elementor-button-icon\">\n\t\t\t\t<svg aria-hidden=\"true\" class=\"e-font-icon-svg e-fas-arrow-right\" viewBox=\"0 0 448 512\" xmlns=\"http:\/\/www.w3.org\/2000\/svg\"><path d=\"M190.5 66.9l22.2-22.2c9.4-9.4 24.6-9.4 33.9 0L441 239c9.4 9.4 9.4 24.6 0 33.9L246.6 467.3c-9.4 9.4-24.6 9.4-33.9 0l-22.2-22.2c-9.5-9.5-9.3-25 .4-34.3L311.4 296H24c-13.3 0-24-10.7-24-24v-32c0-13.3 10.7-24 24-24h287.4L190.9 101.2c-9.8-9.3-10-24.8-.4-34.3z\"><\/path><\/svg>\t\t\t<\/span>\n\t\t\t\t\t\t\t\t<\/span>\n\t\t\t\t\t<\/a>\n\t\t\t\t\t\t\t\t<\/div>\n\t\t\t\t<\/div>\n\t\t<div class=\"elementor-element elementor-element-db2e996 e-con-full e-flex e-con e-child\" data-id=\"db2e996\" data-element_type=\"container\" data-e-type=\"container\">\n\t\t\t\t<div class=\"elementor-element elementor-element-58d4106c elementor-widget elementor-widget-heading\" data-id=\"58d4106c\" data-element_type=\"widget\" data-e-type=\"widget\" data-widget_type=\"heading.default\">\n\t\t\t\t\t<h2 class=\"elementor-heading-title elementor-size-default\"><a href=\"https:\/\/www.dazzling-gauss.212-227-170-25.plesk.page\/index.php\/accommpagnements-des-acquereurs\/\">ACCOMMPAGNEMENTS DES ACQUEREURS<\/a><\/h2>\t\t\t\t<\/div>\n\t\t\t\t<div class=\"elementor-element elementor-element-d76d6ba elementor-widget elementor-widget-button\" data-id=\"d76d6ba\" data-element_type=\"widget\" data-e-type=\"widget\" data-widget_type=\"button.default\">\n\t\t\t\t\t\t\t\t\t\t<a class=\"elementor-button elementor-button-link elementor-size-sm\" href=\"#\">\n\t\t\t\t\t\t<span class=\"elementor-button-content-wrapper\">\n\t\t\t\t\t\t<span class=\"elementor-button-icon\">\n\t\t\t\t<svg aria-hidden=\"true\" class=\"e-font-icon-svg e-fas-arrow-right\" viewBox=\"0 0 448 512\" xmlns=\"http:\/\/www.w3.org\/2000\/svg\"><path d=\"M190.5 66.9l22.2-22.2c9.4-9.4 24.6-9.4 33.9 0L441 239c9.4 9.4 9.4 24.6 0 33.9L246.6 467.3c-9.4 9.4-24.6 9.4-33.9 0l-22.2-22.2c-9.5-9.5-9.3-25 .4-34.3L311.4 296H24c-13.3 0-24-10.7-24-24v-32c0-13.3 10.7-24 24-24h287.4L190.9 101.2c-9.8-9.3-10-24.8-.4-34.3z\"><\/path><\/svg>\t\t\t<\/span>\n\t\t\t\t\t\t\t\t<\/span>\n\t\t\t\t\t<\/a>\n\t\t\t\t\t\t\t\t<\/div>\n\t\t\t\t<\/div>\n\t\t<div class=\"elementor-element elementor-element-1a74091b e-con-full e-flex e-con e-child\" data-id=\"1a74091b\" data-element_type=\"container\" data-e-type=\"container\">\n\t\t\t\t<div class=\"elementor-element elementor-element-7d16657b elementor-widget elementor-widget-heading\" data-id=\"7d16657b\" data-element_type=\"widget\" data-e-type=\"widget\" data-widget_type=\"heading.default\">\n\t\t\t\t\t<h2 class=\"elementor-heading-title elementor-size-default\"><a href=\"https:\/\/www.dazzling-gauss.212-227-170-25.plesk.page\/index.php\/annonces-projets\/\">FONDS DE COMMERCE A LOUER\n<\/a><\/h2>\t\t\t\t<\/div>\n\t\t\t\t<div class=\"elementor-element elementor-element-17b03f1e elementor-widget elementor-widget-button\" data-id=\"17b03f1e\" data-element_type=\"widget\" data-e-type=\"widget\" data-widget_type=\"button.default\">\n\t\t\t\t\t\t\t\t\t\t<a class=\"elementor-button elementor-button-link elementor-size-sm\" href=\"#\">\n\t\t\t\t\t\t<span class=\"elementor-button-content-wrapper\">\n\t\t\t\t\t\t<span class=\"elementor-button-icon\">\n\t\t\t\t<svg aria-hidden=\"true\" class=\"e-font-icon-svg e-fas-arrow-right\" viewBox=\"0 0 448 512\" xmlns=\"http:\/\/www.w3.org\/2000\/svg\"><path d=\"M190.5 66.9l22.2-22.2c9.4-9.4 24.6-9.4 33.9 0L441 239c9.4 9.4 9.4 24.6 0 33.9L246.6 467.3c-9.4 9.4-24.6 9.4-33.9 0l-22.2-22.2c-9.5-9.5-9.3-25 .4-34.3L311.4 296H24c-13.3 0-24-10.7-24-24v-32c0-13.3 10.7-24 24-24h287.4L190.9 101.2c-9.8-9.3-10-24.8-.4-34.3z\"><\/path><\/svg>\t\t\t<\/span>\n\t\t\t\t\t\t\t\t<\/span>\n\t\t\t\t\t<\/a>\n\t\t\t\t\t\t\t\t<\/div>\n\t\t\t\t<\/div>\n\t\t<div class=\"elementor-element elementor-element-6e36ed9b e-con-full e-flex e-con e-child\" data-id=\"6e36ed9b\" data-element_type=\"container\" data-e-type=\"container\">\n\t\t\t\t<div class=\"elementor-element elementor-element-406d5a56 elementor-widget elementor-widget-heading\" data-id=\"406d5a56\" data-element_type=\"widget\" data-e-type=\"widget\" data-widget_type=\"heading.default\">\n\t\t\t\t\t<h2 class=\"elementor-heading-title elementor-size-default\"><a href=\"https:\/\/www.dazzling-gauss.212-227-170-25.plesk.page\/index.php\/annonces-projets\/\">FONDS DE COMMERCE A VENDRE\n<\/a><\/h2>\t\t\t\t<\/div>\n\t\t\t\t<div class=\"elementor-element elementor-element-5ac70bc elementor-widget elementor-widget-button\" data-id=\"5ac70bc\" data-element_type=\"widget\" data-e-type=\"widget\" data-widget_type=\"button.default\">\n\t\t\t\t\t\t\t\t\t\t<a class=\"elementor-button elementor-button-link elementor-size-sm\" href=\"#\">\n\t\t\t\t\t\t<span class=\"elementor-button-content-wrapper\">\n\t\t\t\t\t\t<span class=\"elementor-button-icon\">\n\t\t\t\t<svg aria-hidden=\"true\" class=\"e-font-icon-svg e-fas-arrow-right\" viewBox=\"0 0 448 512\" xmlns=\"http:\/\/www.w3.org\/2000\/svg\"><path d=\"M190.5 66.9l22.2-22.2c9.4-9.4 24.6-9.4 33.9 0L441 239c9.4 9.4 9.4 24.6 0 33.9L246.6 467.3c-9.4 9.4-24.6 9.4-33.9 0l-22.2-22.2c-9.5-9.5-9.3-25 .4-34.3L311.4 296H24c-13.3 0-24-10.7-24-24v-32c0-13.3 10.7-24 24-24h287.4L190.9 101.2c-9.8-9.3-10-24.8-.4-34.3z\"><\/path><\/svg>\t\t\t<\/span>\n\t\t\t\t\t\t\t\t<\/span>\n\t\t\t\t\t<\/a>\n\t\t\t\t\t\t\t\t<\/div>\n\t\t\t\t<\/div>\n\t\t<div class=\"elementor-element elementor-element-62513c6b e-con-full e-flex e-con e-child\" data-id=\"62513c6b\" data-element_type=\"container\" data-e-type=\"container\">\n\t\t\t\t<div class=\"elementor-element elementor-element-4e4e5baf elementor-widget elementor-widget-heading\" data-id=\"4e4e5baf\" data-element_type=\"widget\" data-e-type=\"widget\" data-widget_type=\"heading.default\">\n\t\t\t\t\t<h2 class=\"elementor-heading-title elementor-size-default\"><a href=\"https:\/\/www.dazzling-gauss.212-227-170-25.plesk.page\/index.php\/nous-connaitre\/\">Notre Expertise Bancaire<\/a><\/h2>\t\t\t\t<\/div>\n\t\t\t\t<div class=\"elementor-element elementor-element-6e88b6d7 elementor-widget elementor-widget-button\" data-id=\"6e88b6d7\" data-element_type=\"widget\" data-e-type=\"widget\" data-widget_type=\"button.default\">\n\t\t\t\t\t\t\t\t\t\t<a class=\"elementor-button elementor-button-link elementor-size-sm\" href=\"#\">\n\t\t\t\t\t\t<span class=\"elementor-button-content-wrapper\">\n\t\t\t\t\t\t<span class=\"elementor-button-icon\">\n\t\t\t\t<svg aria-hidden=\"true\" class=\"e-font-icon-svg e-fas-arrow-right\" viewBox=\"0 0 448 512\" xmlns=\"http:\/\/www.w3.org\/2000\/svg\"><path d=\"M190.5 66.9l22.2-22.2c9.4-9.4 24.6-9.4 33.9 0L441 239c9.4 9.4 9.4 24.6 0 33.9L246.6 467.3c-9.4 9.4-24.6 9.4-33.9 0l-22.2-22.2c-9.5-9.5-9.3-25 .4-34.3L311.4 296H24c-13.3 0-24-10.7-24-24v-32c0-13.3 10.7-24 24-24h287.4L190.9 101.2c-9.8-9.3-10-24.8-.4-34.3z\"><\/path><\/svg>\t\t\t<\/span>\n\t\t\t\t\t\t\t\t<\/span>\n\t\t\t\t\t<\/a>\n\t\t\t\t\t\t\t\t<\/div>\n\t\t\t\t<\/div>\n\t\t\t\t<\/div>\n\t\t<div class=\"elementor-element elementor-element-7cfa88b8 e-con-full e-flex e-con e-child\" data-id=\"7cfa88b8\" data-element_type=\"container\" data-e-type=\"container\" data-settings=\"{&quot;background_background&quot;:&quot;classic&quot;}\">\n\t\t\t\t<div class=\"elementor-element elementor-element-720b71b1 elementor-widget elementor-widget-heading\" data-id=\"720b71b1\" data-element_type=\"widget\" data-e-type=\"widget\" data-widget_type=\"heading.default\">\n\t\t\t\t\t<h2 class=\"elementor-heading-title elementor-size-default\">Contactez-nous<\/h2>\t\t\t\t<\/div>\n\t\t<div class=\"elementor-element elementor-element-172b84bb e-con-full e-flex e-con e-child\" data-id=\"172b84bb\" data-element_type=\"container\" data-e-type=\"container\">\n\t\t\t\t<div class=\"elementor-element elementor-element-34be0b74 elementor-align-center elementor-widget elementor-widget-button\" data-id=\"34be0b74\" data-element_type=\"widget\" data-e-type=\"widget\" data-widget_type=\"button.default\">\n\t\t\t\t\t\t\t\t\t\t<a class=\"elementor-button elementor-button-link elementor-size-sm\" href=\"https:\/\/www.dazzling-gauss.212-227-170-25.plesk.page\/index.php\/contact\/\">\n\t\t\t\t\t\t<span class=\"elementor-button-content-wrapper\">\n\t\t\t\t\t\t\t\t\t<span class=\"elementor-button-text\">Prendre contact<\/span>\n\t\t\t\t\t<\/span>\n\t\t\t\t\t<\/a>\n\t\t\t\t\t\t\t\t<\/div>\n\t\t\t\t<\/div>\n\t\t\t\t<\/div>\n\t\t\t\t<\/div>\n\t\t<div class=\"elementor-element elementor-element-643f0d6d e-con-full e-flex e-con e-child\" data-id=\"643f0d6d\" data-element_type=\"container\" data-e-type=\"container\">\n\t\t\t\t<div class=\"elementor-element elementor-element-28f3c730 elementor-widget elementor-widget-image\" data-id=\"28f3c730\" data-element_type=\"widget\" data-e-type=\"widget\" data-widget_type=\"image.default\">\n\t\t\t\t\t\t\t\t\t\t\t\t\t\t\t<img fetchpriority=\"high\" decoding=\"async\" width=\"800\" height=\"534\" src=\"https:\/\/www.dazzling-gauss.212-227-170-25.plesk.page\/wp-content\/uploads\/2026\/03\/Images-XK2MKJQ.jpg\" class=\"attachment-large size-large wp-image-23\" alt=\"\" srcset=\"https:\/\/www.dazzling-gauss.212-227-170-25.plesk.page\/wp-content\/uploads\/2026\/03\/Images-XK2MKJQ.jpg 1000w, https:\/\/www.dazzling-gauss.212-227-170-25.plesk.page\/wp-content\/uploads\/2026\/03\/Images-XK2MKJQ-300x200.jpg 300w, https:\/\/www.dazzling-gauss.212-227-170-25.plesk.page\/wp-content\/uploads\/2026\/03\/Images-XK2MKJQ-768x512.jpg 768w\" sizes=\"(max-width: 800px) 100vw, 800px\" \/>\t\t\t\t\t\t\t\t\t\t\t\t\t\t\t<\/div>\n\t\t\t\t<div class=\"elementor-element elementor-element-4995c378 elementor-widget elementor-widget-text-editor\" data-id=\"4995c378\" data-element_type=\"widget\" data-e-type=\"widget\" data-widget_type=\"text-editor.default\">\n\t\t\t\t\t\t\t\t\t<div style=\"max-width: 1100px; margin: 0 auto; padding: 60px 24px; font-family: -apple-system, BlinkMacSystemFont, 'Segoe UI', Roboto, sans-serif; color: #1f2937; line-height: 1.7;\">\n\n  <!-- HEADER -->\n  <div style=\"margin-bottom: 48px;\">\n    <h2 style=\"font-size: 38px; line-height: 1.2; margin-bottom: 20px; color: #111827;\">\n      Une r\u00e9mun\u00e9ration align\u00e9e sur la valeur cr\u00e9\u00e9e\n    <\/h2>\n    <div style=\"width: 60px; height: 4px; background: #7D6CAC; margin-bottom: 24px; border-radius: 2px;\"><\/div>\n\n    <p style=\"font-size: 18px; margin-bottom: 10px;\">\n      La cession ou l\u2019acquisition d\u2019un fonds de commerce est une op\u00e9ration strat\u00e9gique et patrimoniale.\n    <\/p>\n    <p style=\"font-size: 18px; margin-bottom: 10px;\">\n      Nos honoraires refl\u00e8tent l\u2019analyse financi\u00e8re approfondie, la structuration de l\u2019op\u00e9ration, l\u2019accompagnement bancaire, la s\u00e9curisation juridique et la coordination compl\u00e8te du process.\n    <\/p>\n    <p style=\"font-size: 18px;\">\n      <strong>Nous intervenons comme conseil, pas comme simple interm\u00e9diaire.<\/strong>\n    <\/p>\n  <\/div>\n\n  <!-- INTRO -->\n  <div style=\"background: linear-gradient(135deg, #f5f3ff 0%, #ffffff 100%); border: 1px solid #ede9fe; border-radius: 20px; padding: 32px; margin-bottom: 40px;\">\n    <h3 style=\"font-size: 26px; margin-top: 0; margin-bottom: 18px; color: #111827;\">\n      Ce que nos honoraires int\u00e8grent\n    <\/h3>\n\n    <div style=\"display: grid; grid-template-columns: repeat(auto-fit, minmax(220px, 1fr)); gap: 10px;\">\n      <div style=\"background:#ffffff;border-radius:10px;padding:10px 14px;border:1px solid #e5e7eb;\">\u2714 Analyse financi\u00e8re approfondie<\/div>\n      <div style=\"background:#ffffff;border-radius:10px;padding:10px 14px;border:1px solid #e5e7eb;\">\u2714 Structuration de l\u2019op\u00e9ration<\/div>\n      <div style=\"background:#ffffff;border-radius:10px;padding:10px 14px;border:1px solid #e5e7eb;\">\u2714 Accompagnement bancaire<\/div>\n      <div style=\"background:#ffffff;border-radius:10px;padding:10px 14px;border:1px solid #e5e7eb;\">\u2714 S\u00e9curisation juridique<\/div>\n      <div style=\"background:#ffffff;border-radius:10px;padding:10px 14px;border:1px solid #e5e7eb;\">\u2714 Coordination compl\u00e8te du process<\/div>\n    <\/div>\n  <\/div>\n\n  <!-- BLOCS -->\n  <div style=\"display: grid; grid-template-columns: repeat(auto-fit, minmax(280px, 1fr)); gap: 24px; margin-bottom: 40px;\">\n\n    <div style=\"background: #ffffff; border-radius: 20px; padding: 26px; border: 1px solid #e5e7eb; box-shadow: 0 4px 20px rgba(0,0,0,0.04);\">\n      <div style=\"color:#7D6CAC;font-weight:600;margin-bottom:10px;\">01<\/div>\n      <h3 style=\"font-size: 20px; margin-top: 0;\">Honoraires \u2013 Cession de fonds de commerce<\/h3>\n      <p style=\"margin-bottom: 12px;\">Nos honoraires sont calcul\u00e9s en pourcentage du prix de cession.<\/p>\n      <p style=\"margin-bottom: 14px;\"><strong>Tarifs 2026 :<\/strong><\/p>\n\n      <div style=\"display:flex;flex-direction:column;gap:10px;\">\n        <div style=\"padding:12px 14px;background:#fafafa;border:1px solid #e5e7eb;border-radius:12px;\"><strong>0 \u00e0 50 000 \u20ac<\/strong> : Forfait de 5 000 \u20ac HT<\/div>\n        <div style=\"padding:12px 14px;background:#fafafa;border:1px solid #e5e7eb;border-radius:12px;\"><strong>50 000 \u20ac \u00e0 150 000 \u20ac<\/strong> : 8 % HT<\/div>\n        <div style=\"padding:12px 14px;background:#fafafa;border:1px solid #e5e7eb;border-radius:12px;\"><strong>150 001 \u20ac \u00e0 500 000 \u20ac<\/strong> : 7 % HT<\/div>\n        <div style=\"padding:12px 14px;background:#fafafa;border:1px solid #e5e7eb;border-radius:12px;\"><strong>500 001 \u20ac \u00e0 1 000 000 \u20ac<\/strong> : 5 % HT<\/div>\n        <div style=\"padding:12px 14px;background:#fafafa;border:1px solid #e5e7eb;border-radius:12px;\"><strong>Plus de 1 000 000 \u20ac<\/strong> : uniquement sur devis<\/div>\n      <\/div>\n    <\/div>\n\n    <div style=\"background: #ffffff; border-radius: 20px; padding: 26px; border: 1px solid #e5e7eb; box-shadow: 0 4px 20px rgba(0,0,0,0.04);\">\n      <div style=\"color:#7D6CAC;font-weight:600;margin-bottom:10px;\">02<\/div>\n      <h3 style=\"font-size: 20px; margin-top: 0;\">Ce que comprennent les honoraires<\/h3>\n      <ul style=\"margin: 12px 0 0 18px;\">\n        <li>Valorisation strat\u00e9gique<\/li>\n        <li>Analyse financi\u00e8re<\/li>\n        <li>Mise en march\u00e9 ma\u00eetris\u00e9e<\/li>\n        <li>Qualification des acqu\u00e9reurs<\/li>\n        <li>Accompagnement jusqu\u2019\u00e0 la signature d\u00e9finitive<\/li>\n      <\/ul>\n    <\/div>\n\n    <div style=\"background: #ffffff; border-radius: 20px; padding: 26px; border: 1px solid #e5e7eb; box-shadow: 0 4px 20px rgba(0,0,0,0.04);\">\n      <div style=\"color:#7D6CAC;font-weight:600;margin-bottom:10px;\">03<\/div>\n      <h3 style=\"font-size: 20px; margin-top: 0;\">Accompagnement des acqu\u00e9reurs<\/h3>\n      <p style=\"margin-bottom: 12px;\">Selon la nature de la mission :<\/p>\n      <ul style=\"margin: 0 0 0 18px;\">\n        <li>Mandat de recherche<\/li>\n        <li>\u00c9tude de faisabilit\u00e9<\/li>\n        <li>Structuration bancaire<\/li>\n        <li>Accompagnement global jusqu\u2019au closing<\/li>\n      <\/ul>\n      <p style=\"margin-top: 14px;\">Une proposition d\u2019honoraires personnalis\u00e9e est \u00e9tablie apr\u00e8s entretien.<\/p>\n    <\/div>\n\n    <div style=\"background: #ffffff; border-radius: 20px; padding: 26px; border: 1px solid #e5e7eb; box-shadow: 0 4px 20px rgba(0,0,0,0.04);\">\n      <div style=\"color:#7D6CAC;font-weight:600;margin-bottom:10px;\">04<\/div>\n      <h3 style=\"font-size: 20px; margin-top: 0;\">Location-g\u00e9rance<\/h3>\n      <p style=\"margin-bottom: 12px;\">Les honoraires sont d\u00e9finis en fonction :<\/p>\n      <ul style=\"margin: 0 0 0 18px;\">\n        <li>De la complexit\u00e9 du dossier<\/li>\n        <li>Du niveau d\u2019accompagnement<\/li>\n        <li>De la structuration contractuelle<\/li>\n      <\/ul>\n    <\/div>\n\n  <\/div>\n\n  <!-- PRINCIPE -->\n  <div style=\"background: #ffffff; border: 1px solid #e5e7eb; border-radius: 20px; padding: 30px; margin-bottom: 28px; box-shadow: 0 4px 20px rgba(0,0,0,0.04);\">\n    <h3 style=\"margin-top: 0; font-size: 24px; color: #111827;\">Notre principe<\/h3>\n    <p style=\"margin: 0;\">\n      Notre r\u00e9mun\u00e9ration est majoritairement li\u00e9e \u00e0 la r\u00e9ussite de l\u2019op\u00e9ration. Nous partageons donc le m\u00eame objectif : aboutir \u00e0 une transmission structur\u00e9e, finan\u00e7able et s\u00e9curis\u00e9e.\n    <\/p>\n  <\/div>\n\n  <!-- TRANSPARENCE -->\n  <div style=\"background: linear-gradient(135deg, #7D6CAC 0%, #6b5aa6 100%); color: #ffffff; border-radius: 24px; padding: 40px;\">\n    <h3 style=\"margin-top: 0; font-size: 28px;\">Transparence<\/h3>\n    <p style=\"margin-bottom: 12px;\">\n      Aucun frais cach\u00e9.\n    <\/p>\n    <p style=\"margin: 0;\">\n      Les modalit\u00e9s sont clairement d\u00e9finies d\u00e8s la signature du mandat.\n    <\/p>\n  <\/div>\n\n<\/div>\t\t\t\t\t\t\t\t<\/div>\n\t\t\t\t<\/div>\n\t\t\t\t\t<\/div>\n\t\t\t\t<\/div>\n\t\t\t\t<\/div>\n\t\t","protected":false},"excerpt":{"rendered":"<p>Reprendre un fonds de commerce avec m\u00e9thode, lucidit\u00e9 et s\u00e9curit\u00e9 Accueil Tarif Services Categories \ud83c\udfaf Notre philosophie ACCOMMPAGNEMENTS DES ACQUEREURS FONDS DE COMMERCE A LOUER FONDS DE COMMERCE A VENDRE Notre Expertise Bancaire Contactez-nous Prendre contact Une r\u00e9mun\u00e9ration align\u00e9e sur la valeur cr\u00e9\u00e9e La cession ou l\u2019acquisition d\u2019un fonds de commerce est une op\u00e9ration strat\u00e9gique [&hellip;]<\/p>\n","protected":false},"author":1,"featured_media":0,"parent":0,"menu_order":0,"comment_status":"closed","ping_status":"closed","template":"elementor_header_footer","meta":{"_acf_changed":false,"footnotes":""},"class_list":["post-250","page","type-page","status-publish","hentry"],"acf":[],"_links":{"self":[{"href":"https:\/\/www.dazzling-gauss.212-227-170-25.plesk.page\/index.php\/wp-json\/wp\/v2\/pages\/250","targetHints":{"allow":["GET"]}}],"collection":[{"href":"https:\/\/www.dazzling-gauss.212-227-170-25.plesk.page\/index.php\/wp-json\/wp\/v2\/pages"}],"about":[{"href":"https:\/\/www.dazzling-gauss.212-227-170-25.plesk.page\/index.php\/wp-json\/wp\/v2\/types\/page"}],"author":[{"embeddable":true,"href":"https:\/\/www.dazzling-gauss.212-227-170-25.plesk.page\/index.php\/wp-json\/wp\/v2\/users\/1"}],"replies":[{"embeddable":true,"href":"https:\/\/www.dazzling-gauss.212-227-170-25.plesk.page\/index.php\/wp-json\/wp\/v2\/comments?post=250"}],"version-history":[{"count":10,"href":"https:\/\/www.dazzling-gauss.212-227-170-25.plesk.page\/index.php\/wp-json\/wp\/v2\/pages\/250\/revisions"}],"predecessor-version":[{"id":293,"href":"https:\/\/www.dazzling-gauss.212-227-170-25.plesk.page\/index.php\/wp-json\/wp\/v2\/pages\/250\/revisions\/293"}],"wp:attachment":[{"href":"https:\/\/www.dazzling-gauss.212-227-170-25.plesk.page\/index.php\/wp-json\/wp\/v2\/media?parent=250"}],"curies":[{"name":"wp","href":"https:\/\/api.w.org\/{rel}","templated":true}]}}