{"id":258,"date":"2026-03-25T16:39:25","date_gmt":"2026-03-25T16:39:25","guid":{"rendered":"https:\/\/www.dazzling-gauss.212-227-170-25.plesk.page\/?page_id=258"},"modified":"2026-03-25T16:57:07","modified_gmt":"2026-03-25T16:57:07","slug":"nous-connaitre","status":"publish","type":"page","link":"https:\/\/www.dazzling-gauss.212-227-170-25.plesk.page\/index.php\/nous-connaitre\/","title":{"rendered":"Nous connaitre"},"content":{"rendered":"\t\t<div data-elementor-type=\"wp-page\" data-elementor-id=\"258\" class=\"elementor elementor-258\" data-elementor-post-type=\"page\">\n\t\t\t\t<div class=\"elementor-element elementor-element-63bb74f4 e-flex e-con-boxed e-con e-parent\" data-id=\"63bb74f4\" data-element_type=\"container\" data-e-type=\"container\">\n\t\t\t\t\t<div class=\"e-con-inner\">\n\t\t\t\t<div class=\"elementor-element elementor-element-524b3777 elementor-widget__width-initial elementor-widget elementor-widget-heading\" data-id=\"524b3777\" data-element_type=\"widget\" data-e-type=\"widget\" data-widget_type=\"heading.default\">\n\t\t\t\t\t<h2 class=\"elementor-heading-title elementor-size-default\">Nous connaitre<\/h2>\t\t\t\t<\/div>\n\t\t\t\t<div class=\"elementor-element elementor-element-2e906961 elementor-icon-list--layout-inline elementor-align-center elementor-list-item-link-full_width elementor-widget elementor-widget-icon-list\" data-id=\"2e906961\" data-element_type=\"widget\" data-e-type=\"widget\" data-widget_type=\"icon-list.default\">\n\t\t\t\t\t\t\t<ul class=\"elementor-icon-list-items elementor-inline-items\">\n\t\t\t\t\t\t\t<li class=\"elementor-icon-list-item elementor-inline-item\">\n\t\t\t\t\t\t\t\t\t\t\t<a href=\"#\">\n\n\t\t\t\t\t\t\t\t\t\t\t<span class=\"elementor-icon-list-text\">Accueil<\/span>\n\t\t\t\t\t\t\t\t\t\t\t<\/a>\n\t\t\t\t\t\t\t\t\t<\/li>\n\t\t\t\t\t\t\t\t<li class=\"elementor-icon-list-item elementor-inline-item\">\n\t\t\t\t\t\t\t\t\t\t\t<a href=\"#\">\n\n\t\t\t\t\t\t\t\t\t\t\t\t<span class=\"elementor-icon-list-icon\">\n\t\t\t\t\t\t\t<svg aria-hidden=\"true\" class=\"e-font-icon-svg e-fas-arrow-right\" viewBox=\"0 0 448 512\" xmlns=\"http:\/\/www.w3.org\/2000\/svg\"><path d=\"M190.5 66.9l22.2-22.2c9.4-9.4 24.6-9.4 33.9 0L441 239c9.4 9.4 9.4 24.6 0 33.9L246.6 467.3c-9.4 9.4-24.6 9.4-33.9 0l-22.2-22.2c-9.5-9.5-9.3-25 .4-34.3L311.4 296H24c-13.3 0-24-10.7-24-24v-32c0-13.3 10.7-24 24-24h287.4L190.9 101.2c-9.8-9.3-10-24.8-.4-34.3z\"><\/path><\/svg>\t\t\t\t\t\t<\/span>\n\t\t\t\t\t\t\t\t\t\t<span class=\"elementor-icon-list-text\">Tarif<\/span>\n\t\t\t\t\t\t\t\t\t\t\t<\/a>\n\t\t\t\t\t\t\t\t\t<\/li>\n\t\t\t\t\t\t<\/ul>\n\t\t\t\t\t\t<\/div>\n\t\t\t\t\t<\/div>\n\t\t\t\t<\/div>\n\t\t<div class=\"elementor-element elementor-element-4dac875a e-flex e-con-boxed e-con e-parent\" data-id=\"4dac875a\" data-element_type=\"container\" data-e-type=\"container\">\n\t\t\t\t\t<div class=\"e-con-inner\">\n\t\t<div class=\"elementor-element elementor-element-62ecda9 e-con-full e-flex e-con e-child\" data-id=\"62ecda9\" data-element_type=\"container\" data-e-type=\"container\">\n\t\t<div class=\"elementor-element elementor-element-454f06d8 e-con-full e-flex e-con e-child\" data-id=\"454f06d8\" data-element_type=\"container\" data-e-type=\"container\">\n\t\t\t\t<div class=\"elementor-element elementor-element-5bc871 elementor-widget elementor-widget-heading\" data-id=\"5bc871\" data-element_type=\"widget\" data-e-type=\"widget\" data-widget_type=\"heading.default\">\n\t\t\t\t\t<h2 class=\"elementor-heading-title elementor-size-default\">Services Categories<\/h2>\t\t\t\t<\/div>\n\t\t<div class=\"elementor-element elementor-element-5be45af1 e-con-full e-flex e-con e-child\" data-id=\"5be45af1\" data-element_type=\"container\" data-e-type=\"container\">\n\t\t\t\t<div class=\"elementor-element elementor-element-42d6ef23 elementor-widget elementor-widget-heading\" data-id=\"42d6ef23\" data-element_type=\"widget\" data-e-type=\"widget\" data-widget_type=\"heading.default\">\n\t\t\t\t\t<h2 class=\"elementor-heading-title elementor-size-default\"><a href=\"#\">\ud83c\udfaf Notre philosophie<\/a><\/h2>\t\t\t\t<\/div>\n\t\t\t\t<div class=\"elementor-element elementor-element-32bba0d1 elementor-widget elementor-widget-button\" data-id=\"32bba0d1\" data-element_type=\"widget\" data-e-type=\"widget\" data-widget_type=\"button.default\">\n\t\t\t\t\t\t\t\t\t\t<a class=\"elementor-button elementor-button-link elementor-size-sm\" href=\"#\">\n\t\t\t\t\t\t<span class=\"elementor-button-content-wrapper\">\n\t\t\t\t\t\t<span class=\"elementor-button-icon\">\n\t\t\t\t<svg aria-hidden=\"true\" class=\"e-font-icon-svg e-fas-arrow-right\" viewBox=\"0 0 448 512\" xmlns=\"http:\/\/www.w3.org\/2000\/svg\"><path d=\"M190.5 66.9l22.2-22.2c9.4-9.4 24.6-9.4 33.9 0L441 239c9.4 9.4 9.4 24.6 0 33.9L246.6 467.3c-9.4 9.4-24.6 9.4-33.9 0l-22.2-22.2c-9.5-9.5-9.3-25 .4-34.3L311.4 296H24c-13.3 0-24-10.7-24-24v-32c0-13.3 10.7-24 24-24h287.4L190.9 101.2c-9.8-9.3-10-24.8-.4-34.3z\"><\/path><\/svg>\t\t\t<\/span>\n\t\t\t\t\t\t\t\t<\/span>\n\t\t\t\t\t<\/a>\n\t\t\t\t\t\t\t\t<\/div>\n\t\t\t\t<\/div>\n\t\t<div class=\"elementor-element elementor-element-61aa989c e-con-full e-flex e-con e-child\" data-id=\"61aa989c\" data-element_type=\"container\" data-e-type=\"container\">\n\t\t\t\t<div class=\"elementor-element elementor-element-78325d04 elementor-widget elementor-widget-heading\" data-id=\"78325d04\" data-element_type=\"widget\" data-e-type=\"widget\" data-widget_type=\"heading.default\">\n\t\t\t\t\t<h2 class=\"elementor-heading-title elementor-size-default\"><a href=\"https:\/\/www.dazzling-gauss.212-227-170-25.plesk.page\/index.php\/accommpagnements-des-acquereurs\/\">ACCOMMPAGNEMENTS DES ACQUEREURS<\/a><\/h2>\t\t\t\t<\/div>\n\t\t\t\t<div class=\"elementor-element elementor-element-380ef603 elementor-widget elementor-widget-button\" data-id=\"380ef603\" data-element_type=\"widget\" data-e-type=\"widget\" data-widget_type=\"button.default\">\n\t\t\t\t\t\t\t\t\t\t<a class=\"elementor-button elementor-button-link elementor-size-sm\" href=\"#\">\n\t\t\t\t\t\t<span class=\"elementor-button-content-wrapper\">\n\t\t\t\t\t\t<span class=\"elementor-button-icon\">\n\t\t\t\t<svg aria-hidden=\"true\" class=\"e-font-icon-svg e-fas-arrow-right\" viewBox=\"0 0 448 512\" xmlns=\"http:\/\/www.w3.org\/2000\/svg\"><path d=\"M190.5 66.9l22.2-22.2c9.4-9.4 24.6-9.4 33.9 0L441 239c9.4 9.4 9.4 24.6 0 33.9L246.6 467.3c-9.4 9.4-24.6 9.4-33.9 0l-22.2-22.2c-9.5-9.5-9.3-25 .4-34.3L311.4 296H24c-13.3 0-24-10.7-24-24v-32c0-13.3 10.7-24 24-24h287.4L190.9 101.2c-9.8-9.3-10-24.8-.4-34.3z\"><\/path><\/svg>\t\t\t<\/span>\n\t\t\t\t\t\t\t\t<\/span>\n\t\t\t\t\t<\/a>\n\t\t\t\t\t\t\t\t<\/div>\n\t\t\t\t<\/div>\n\t\t<div class=\"elementor-element elementor-element-7cce118d e-con-full e-flex e-con e-child\" data-id=\"7cce118d\" data-element_type=\"container\" data-e-type=\"container\">\n\t\t\t\t<div class=\"elementor-element elementor-element-7c00e364 elementor-widget elementor-widget-heading\" data-id=\"7c00e364\" data-element_type=\"widget\" data-e-type=\"widget\" data-widget_type=\"heading.default\">\n\t\t\t\t\t<h2 class=\"elementor-heading-title elementor-size-default\"><a href=\"https:\/\/www.dazzling-gauss.212-227-170-25.plesk.page\/index.php\/annonces-projets\/\">FONDS DE COMMERCE A LOUER\n<\/a><\/h2>\t\t\t\t<\/div>\n\t\t\t\t<div class=\"elementor-element elementor-element-913f1e7 elementor-widget elementor-widget-button\" data-id=\"913f1e7\" data-element_type=\"widget\" data-e-type=\"widget\" data-widget_type=\"button.default\">\n\t\t\t\t\t\t\t\t\t\t<a class=\"elementor-button elementor-button-link elementor-size-sm\" href=\"#\">\n\t\t\t\t\t\t<span class=\"elementor-button-content-wrapper\">\n\t\t\t\t\t\t<span class=\"elementor-button-icon\">\n\t\t\t\t<svg aria-hidden=\"true\" class=\"e-font-icon-svg e-fas-arrow-right\" viewBox=\"0 0 448 512\" xmlns=\"http:\/\/www.w3.org\/2000\/svg\"><path d=\"M190.5 66.9l22.2-22.2c9.4-9.4 24.6-9.4 33.9 0L441 239c9.4 9.4 9.4 24.6 0 33.9L246.6 467.3c-9.4 9.4-24.6 9.4-33.9 0l-22.2-22.2c-9.5-9.5-9.3-25 .4-34.3L311.4 296H24c-13.3 0-24-10.7-24-24v-32c0-13.3 10.7-24 24-24h287.4L190.9 101.2c-9.8-9.3-10-24.8-.4-34.3z\"><\/path><\/svg>\t\t\t<\/span>\n\t\t\t\t\t\t\t\t<\/span>\n\t\t\t\t\t<\/a>\n\t\t\t\t\t\t\t\t<\/div>\n\t\t\t\t<\/div>\n\t\t<div class=\"elementor-element elementor-element-189f3194 e-con-full e-flex e-con e-child\" data-id=\"189f3194\" data-element_type=\"container\" data-e-type=\"container\">\n\t\t\t\t<div class=\"elementor-element elementor-element-1e89f37f elementor-widget elementor-widget-heading\" data-id=\"1e89f37f\" data-element_type=\"widget\" data-e-type=\"widget\" data-widget_type=\"heading.default\">\n\t\t\t\t\t<h2 class=\"elementor-heading-title elementor-size-default\"><a href=\"https:\/\/www.dazzling-gauss.212-227-170-25.plesk.page\/index.php\/annonces-projets\/\">FONDS DE COMMERCE A VENDRE\n<\/a><\/h2>\t\t\t\t<\/div>\n\t\t\t\t<div class=\"elementor-element elementor-element-545d31be elementor-widget elementor-widget-button\" data-id=\"545d31be\" data-element_type=\"widget\" data-e-type=\"widget\" data-widget_type=\"button.default\">\n\t\t\t\t\t\t\t\t\t\t<a class=\"elementor-button elementor-button-link elementor-size-sm\" href=\"#\">\n\t\t\t\t\t\t<span class=\"elementor-button-content-wrapper\">\n\t\t\t\t\t\t<span class=\"elementor-button-icon\">\n\t\t\t\t<svg aria-hidden=\"true\" class=\"e-font-icon-svg e-fas-arrow-right\" viewBox=\"0 0 448 512\" xmlns=\"http:\/\/www.w3.org\/2000\/svg\"><path d=\"M190.5 66.9l22.2-22.2c9.4-9.4 24.6-9.4 33.9 0L441 239c9.4 9.4 9.4 24.6 0 33.9L246.6 467.3c-9.4 9.4-24.6 9.4-33.9 0l-22.2-22.2c-9.5-9.5-9.3-25 .4-34.3L311.4 296H24c-13.3 0-24-10.7-24-24v-32c0-13.3 10.7-24 24-24h287.4L190.9 101.2c-9.8-9.3-10-24.8-.4-34.3z\"><\/path><\/svg>\t\t\t<\/span>\n\t\t\t\t\t\t\t\t<\/span>\n\t\t\t\t\t<\/a>\n\t\t\t\t\t\t\t\t<\/div>\n\t\t\t\t<\/div>\n\t\t<div class=\"elementor-element elementor-element-11a3ccb7 e-con-full e-flex e-con e-child\" data-id=\"11a3ccb7\" data-element_type=\"container\" data-e-type=\"container\">\n\t\t\t\t<div class=\"elementor-element elementor-element-7cd422a5 elementor-widget elementor-widget-heading\" data-id=\"7cd422a5\" data-element_type=\"widget\" data-e-type=\"widget\" data-widget_type=\"heading.default\">\n\t\t\t\t\t<h2 class=\"elementor-heading-title elementor-size-default\"><a href=\"https:\/\/www.dazzling-gauss.212-227-170-25.plesk.page\/index.php\/nous-connaitre\/\">Notre Expertise Bancaire<\/a><\/h2>\t\t\t\t<\/div>\n\t\t\t\t<div class=\"elementor-element elementor-element-73c13cb4 elementor-widget elementor-widget-button\" data-id=\"73c13cb4\" data-element_type=\"widget\" data-e-type=\"widget\" data-widget_type=\"button.default\">\n\t\t\t\t\t\t\t\t\t\t<a class=\"elementor-button elementor-button-link elementor-size-sm\" href=\"#\">\n\t\t\t\t\t\t<span class=\"elementor-button-content-wrapper\">\n\t\t\t\t\t\t<span class=\"elementor-button-icon\">\n\t\t\t\t<svg aria-hidden=\"true\" class=\"e-font-icon-svg e-fas-arrow-right\" viewBox=\"0 0 448 512\" xmlns=\"http:\/\/www.w3.org\/2000\/svg\"><path d=\"M190.5 66.9l22.2-22.2c9.4-9.4 24.6-9.4 33.9 0L441 239c9.4 9.4 9.4 24.6 0 33.9L246.6 467.3c-9.4 9.4-24.6 9.4-33.9 0l-22.2-22.2c-9.5-9.5-9.3-25 .4-34.3L311.4 296H24c-13.3 0-24-10.7-24-24v-32c0-13.3 10.7-24 24-24h287.4L190.9 101.2c-9.8-9.3-10-24.8-.4-34.3z\"><\/path><\/svg>\t\t\t<\/span>\n\t\t\t\t\t\t\t\t<\/span>\n\t\t\t\t\t<\/a>\n\t\t\t\t\t\t\t\t<\/div>\n\t\t\t\t<\/div>\n\t\t\t\t<\/div>\n\t\t<div class=\"elementor-element elementor-element-37d56252 e-con-full e-flex e-con e-child\" data-id=\"37d56252\" data-element_type=\"container\" data-e-type=\"container\" data-settings=\"{&quot;background_background&quot;:&quot;classic&quot;}\">\n\t\t\t\t<div class=\"elementor-element elementor-element-2808cd67 elementor-widget elementor-widget-heading\" data-id=\"2808cd67\" data-element_type=\"widget\" data-e-type=\"widget\" data-widget_type=\"heading.default\">\n\t\t\t\t\t<h2 class=\"elementor-heading-title elementor-size-default\">Contactez-nous<\/h2>\t\t\t\t<\/div>\n\t\t<div class=\"elementor-element elementor-element-3c5673c7 e-con-full e-flex e-con e-child\" data-id=\"3c5673c7\" data-element_type=\"container\" data-e-type=\"container\">\n\t\t\t\t<div class=\"elementor-element elementor-element-3b94e065 elementor-align-center elementor-widget elementor-widget-button\" data-id=\"3b94e065\" data-element_type=\"widget\" data-e-type=\"widget\" data-widget_type=\"button.default\">\n\t\t\t\t\t\t\t\t\t\t<a class=\"elementor-button elementor-button-link elementor-size-sm\" href=\"https:\/\/www.dazzling-gauss.212-227-170-25.plesk.page\/index.php\/contact\/\">\n\t\t\t\t\t\t<span class=\"elementor-button-content-wrapper\">\n\t\t\t\t\t\t\t\t\t<span class=\"elementor-button-text\">Prendre contact<\/span>\n\t\t\t\t\t<\/span>\n\t\t\t\t\t<\/a>\n\t\t\t\t\t\t\t\t<\/div>\n\t\t\t\t<\/div>\n\t\t\t\t<\/div>\n\t\t\t\t<\/div>\n\t\t<div class=\"elementor-element elementor-element-674e86cf e-con-full e-flex e-con e-child\" data-id=\"674e86cf\" data-element_type=\"container\" data-e-type=\"container\">\n\t\t\t\t<div class=\"elementor-element elementor-element-6f02f562 elementor-widget elementor-widget-image\" data-id=\"6f02f562\" data-element_type=\"widget\" data-e-type=\"widget\" data-widget_type=\"image.default\">\n\t\t\t\t\t\t\t\t\t\t\t\t\t\t\t<img fetchpriority=\"high\" decoding=\"async\" width=\"800\" height=\"534\" src=\"https:\/\/www.dazzling-gauss.212-227-170-25.plesk.page\/wp-content\/uploads\/2026\/03\/Images-XK2MKJQ.jpg\" class=\"attachment-large size-large wp-image-23\" alt=\"\" srcset=\"https:\/\/www.dazzling-gauss.212-227-170-25.plesk.page\/wp-content\/uploads\/2026\/03\/Images-XK2MKJQ.jpg 1000w, https:\/\/www.dazzling-gauss.212-227-170-25.plesk.page\/wp-content\/uploads\/2026\/03\/Images-XK2MKJQ-300x200.jpg 300w, https:\/\/www.dazzling-gauss.212-227-170-25.plesk.page\/wp-content\/uploads\/2026\/03\/Images-XK2MKJQ-768x512.jpg 768w\" sizes=\"(max-width: 800px) 100vw, 800px\" \/>\t\t\t\t\t\t\t\t\t\t\t\t\t\t\t<\/div>\n\t\t\t\t<div class=\"elementor-element elementor-element-740a2641 elementor-widget elementor-widget-text-editor\" data-id=\"740a2641\" data-element_type=\"widget\" data-e-type=\"widget\" data-widget_type=\"text-editor.default\">\n\t\t\t\t\t\t\t\t\t<div style=\"max-width: 1100px; margin: 0 auto; padding: 60px 24px; font-family: -apple-system, BlinkMacSystemFont, 'Segoe UI', Roboto, sans-serif; color: #1f2937; line-height: 1.7;\">\n\n  <!-- HEADER -->\n  <div style=\"margin-bottom: 48px;\">\n    <h2 style=\"font-size: 38px; line-height: 1.2; margin-bottom: 20px; color: #111827;\">\n      Notre Expertise Bancaire : un avantage d\u00e9cisif pour votre transmission\n    <\/h2>\n    <div style=\"width: 60px; height: 4px; background: #7D6CAC; margin-bottom: 24px; border-radius: 2px;\"><\/div>\n\n    <p style=\"font-size: 18px; margin-bottom: 10px;\">\n      Deux anciens banquiers sp\u00e9cialis\u00e9s dans le march\u00e9 professionnel.\n    <\/p>\n    <p style=\"font-size: 18px; margin-bottom: 10px;\">\n      Avant de conseiller des cessions et acquisitions de fonds de commerce, nous avons accompagn\u00e9 pendant plusieurs ann\u00e9es des entrepreneurs, commer\u00e7ants et professionnels dans le financement et le d\u00e9veloppement de leurs activit\u00e9s.\n    <\/p>\n    <p style=\"font-size: 18px;\">\n      <strong>Cette exp\u00e9rience constitue aujourd\u2019hui un atout majeur pour nos clients.<\/strong>\n    <\/p>\n  <\/div>\n\n  <!-- POURQUOI CELA CHANGE TOUT -->\n  <div style=\"background: linear-gradient(135deg, #f5f3ff 0%, #ffffff 100%); border: 1px solid #ede9fe; border-radius: 20px; padding: 32px; margin-bottom: 40px;\">\n    <h3 style=\"font-size: 26px; margin-top: 0; margin-bottom: 18px; color: #111827;\">\n      Pourquoi cela change tout\n    <\/h3>\n\n    <p style=\"margin-bottom: 12px;\">\n      Un fonds de commerce ne se vend pas uniquement \u00e0 un prix.\n    <\/p>\n    <p style=\"margin-bottom: 18px;\">\n      Il doit \u00eatre finan\u00e7able, coh\u00e9rent et structur\u00e9.\n    <\/p>\n\n    <div style=\"display: grid; grid-template-columns: repeat(auto-fit, minmax(220px, 1fr)); gap: 10px;\">\n      <div style=\"background:#ffffff;border-radius:10px;padding:10px 14px;border:1px solid #e5e7eb;\">\u2714 Analyser un dossier comme un comit\u00e9 de cr\u00e9dit<\/div>\n      <div style=\"background:#ffffff;border-radius:10px;padding:10px 14px;border:1px solid #e5e7eb;\">\u2714 Anticiper les exigences des banques<\/div>\n      <div style=\"background:#ffffff;border-radius:10px;padding:10px 14px;border:1px solid #e5e7eb;\">\u2714 Identifier les points de fragilit\u00e9 avant mise en march\u00e9<\/div>\n      <div style=\"background:#ffffff;border-radius:10px;padding:10px 14px;border:1px solid #e5e7eb;\">\u2714 Structurer un prix compatible avec l\u2019endettement<\/div>\n      <div style=\"background:#ffffff;border-radius:10px;padding:10px 14px;border:1px solid #e5e7eb;\">\u2714 S\u00e9curiser le montage financier des acqu\u00e9reurs<\/div>\n    <\/div>\n  <\/div>\n\n  <!-- BLOCS -->\n  <div style=\"display: grid; grid-template-columns: repeat(auto-fit, minmax(320px, 1fr)); gap: 24px; margin-bottom: 40px;\">\n\n    <div style=\"background: #ffffff; border-radius: 20px; padding: 26px; border: 1px solid #e5e7eb; box-shadow: 0 4px 20px rgba(0,0,0,0.04);\">\n      <div style=\"color:#7D6CAC;font-weight:600;margin-bottom:10px;\">01<\/div>\n      <h3 style=\"font-size: 20px; margin-top: 0;\">Une lecture financi\u00e8re approfondie<\/h3>\n      <p style=\"margin-bottom: 12px;\">Nous ne nous contentons pas de diffuser une annonce.<\/p>\n      <p style=\"margin-bottom: 12px;\">Chaque dossier fait l\u2019objet d\u2019une analyse pr\u00e9cise :<\/p>\n      <ul style=\"margin: 0 0 0 18px;\">\n        <li>Rentabilit\u00e9 r\u00e9elle et EBE retrait\u00e9<\/li>\n        <li>Coh\u00e9rence du prix de cession<\/li>\n        <li>Capacit\u00e9 de remboursement<\/li>\n        <li>Besoin en fonds de roulement<\/li>\n        <li>Niveau d\u2019apport requis<\/li>\n        <li>Risque sectoriel<\/li>\n      <\/ul>\n      <p style=\"margin-top: 14px;\">\n        Cette approche permet d\u2019\u00e9viter les n\u00e9gociations tardives et les refus bancaires.\n      <\/p>\n    <\/div>\n\n    <div style=\"background: #ffffff; border-radius: 20px; padding: 26px; border: 1px solid #e5e7eb; box-shadow: 0 4px 20px rgba(0,0,0,0.04);\">\n      <div style=\"color:#7D6CAC;font-weight:600;margin-bottom:10px;\">02<\/div>\n      <h3 style=\"font-size: 20px; margin-top: 0;\">S\u00e9curiser plut\u00f4t que subir<\/h3>\n      <p style=\"margin-bottom: 12px;\">\n        Beaucoup de transactions \u00e9chouent pour une raison simple :\n      <\/p>\n      <p style=\"margin-bottom: 12px;\">\n        <strong>le dossier n\u2019a pas \u00e9t\u00e9 pr\u00e9par\u00e9 avec une logique bancaire.<\/strong>\n      <\/p>\n      <p style=\"margin-bottom: 12px;\">Notre exp\u00e9rience nous permet :<\/p>\n      <ul style=\"margin: 0 0 0 18px;\">\n        <li>D\u2019anticiper les objections<\/li>\n        <li>De pr\u00e9senter un dossier structur\u00e9<\/li>\n        <li>De fluidifier les \u00e9changes avec les \u00e9tablissements financiers<\/li>\n        <li>D\u2019augmenter significativement les chances de financement<\/li>\n      <\/ul>\n    <\/div>\n\n  <\/div>\n\n  <!-- CONVICTION -->\n  <div style=\"background: linear-gradient(135deg, #7D6CAC 0%, #6b5aa6 100%); color: #ffffff; border-radius: 24px; padding: 40px;\">\n    <h3 style=\"margin-top: 0; font-size: 28px;\">Notre conviction<\/h3>\n    <p style=\"margin-bottom: 12px;\">\n      Un fonds de commerce bien valoris\u00e9 est un fonds finan\u00e7able.\n    <\/p>\n    <p style=\"margin: 0;\">\n      Un dossier bien structur\u00e9 est un dossier qui aboutit.\n    <\/p>\n  <\/div>\n\n<\/div>\t\t\t\t\t\t\t\t<\/div>\n\t\t\t\t<\/div>\n\t\t\t\t\t<\/div>\n\t\t\t\t<\/div>\n\t\t\t\t<\/div>\n\t\t","protected":false},"excerpt":{"rendered":"<p>Accueil Tarif Services Categories \ud83c\udfaf Notre philosophie ACCOMMPAGNEMENTS DES ACQUEREURS FONDS DE COMMERCE A LOUER FONDS DE COMMERCE A VENDRE Notre Expertise Bancaire Contactez-nous Prendre contact Notre Expertise Bancaire : un avantage d\u00e9cisif pour votre transmission Deux anciens banquiers sp\u00e9cialis\u00e9s dans le march\u00e9 professionnel. Avant de conseiller des cessions et acquisitions de fonds de commerce, [&hellip;]<\/p>\n","protected":false},"author":1,"featured_media":0,"parent":0,"menu_order":0,"comment_status":"closed","ping_status":"closed","template":"elementor_header_footer","meta":{"_acf_changed":false,"footnotes":""},"class_list":["post-258","page","type-page","status-publish","hentry"],"acf":[],"_links":{"self":[{"href":"https:\/\/www.dazzling-gauss.212-227-170-25.plesk.page\/index.php\/wp-json\/wp\/v2\/pages\/258","targetHints":{"allow":["GET"]}}],"collection":[{"href":"https:\/\/www.dazzling-gauss.212-227-170-25.plesk.page\/index.php\/wp-json\/wp\/v2\/pages"}],"about":[{"href":"https:\/\/www.dazzling-gauss.212-227-170-25.plesk.page\/index.php\/wp-json\/wp\/v2\/types\/page"}],"author":[{"embeddable":true,"href":"https:\/\/www.dazzling-gauss.212-227-170-25.plesk.page\/index.php\/wp-json\/wp\/v2\/users\/1"}],"replies":[{"embeddable":true,"href":"https:\/\/www.dazzling-gauss.212-227-170-25.plesk.page\/index.php\/wp-json\/wp\/v2\/comments?post=258"}],"version-history":[{"count":10,"href":"https:\/\/www.dazzling-gauss.212-227-170-25.plesk.page\/index.php\/wp-json\/wp\/v2\/pages\/258\/revisions"}],"predecessor-version":[{"id":287,"href":"https:\/\/www.dazzling-gauss.212-227-170-25.plesk.page\/index.php\/wp-json\/wp\/v2\/pages\/258\/revisions\/287"}],"wp:attachment":[{"href":"https:\/\/www.dazzling-gauss.212-227-170-25.plesk.page\/index.php\/wp-json\/wp\/v2\/media?parent=258"}],"curies":[{"name":"wp","href":"https:\/\/api.w.org\/{rel}","templated":true}]}}